{"id":7527,"date":"2025-05-06T14:30:55","date_gmt":"2025-05-06T17:30:55","guid":{"rendered":"https:\/\/tienda3d.com.ar\/stl\/?post_type=product&#038;p=7527"},"modified":"2025-05-29T09:52:28","modified_gmt":"2025-05-29T12:52:28","slug":"stl-molde-stitch","status":"publish","type":"product","link":"https:\/\/tienda3d.com.ar\/stl\/producto\/stl-molde-stitch\/","title":{"rendered":"STL Molde Stitch"},"content":{"rendered":"<p>La venta del molde en STL estar\u00e1 disponible en los pr\u00f3ximos d\u00edas.<\/p>\n<p>*Nota: para un mejor desmolde se han tenido que modificar el detalle de los dedos del pie (pata), que sale mas liso que la imagen publicada.<\/p>\n<p>A continuaci\u00f3n est\u00e1n nuestras medidas recomendadas para la impresi\u00f3n, aunque puedes escalar como quieras o necesites desde tu programa laminador.<\/p>\n<p>Medidas:<\/p>\n<table border=\"0\" cellspacing=\"0\">\n<colgroup width=\"78\"><\/colgroup>\n<colgroup width=\"116\"><\/colgroup>\n<colgroup width=\"149\"><\/colgroup>\n<colgroup width=\"90\"><\/colgroup>\n<colgroup width=\"91\"><\/colgroup>\n<tbody>\n<tr>\n<td align=\"center\" height=\"18\"><span style=\"font-family: Calibri;\">\u00a0<\/span><\/td>\n<td align=\"center\" valign=\"bottom\"><span style=\"color: #000000; font-family: Calibri;\">alto<\/span><\/td>\n<td align=\"center\" valign=\"bottom\"><span style=\"color: #000000; font-family: Calibri;\">largo<\/span><\/td>\n<td align=\"center\" valign=\"bottom\"><span style=\"color: #000000; font-family: Calibri;\">ancho<\/span><\/td>\n<td align=\"center\"><span style=\"font-family: Calibri;\">boca<\/span><\/td>\n<\/tr>\n<tr>\n<td align=\"center\" height=\"18\"><span style=\"font-family: Calibri;\">N10<\/span><\/td>\n<td align=\"center\" valign=\"bottom\"><span style=\"color: #000000; font-family: Calibri;\">10<\/span><\/td>\n<td align=\"center\" valign=\"bottom\"><span style=\"color: #000000; font-family: Calibri;\">8,7<\/span><\/td>\n<td align=\"center\" valign=\"bottom\"><span style=\"color: #000000; font-family: Calibri;\">7,3<\/span><\/td>\n<td align=\"center\"><span style=\"font-family: Calibri;\">4,6*3,2<\/span><\/td>\n<\/tr>\n<tr>\n<td align=\"center\" height=\"18\"><span style=\"font-family: Calibri;\">N12<\/span><\/td>\n<td align=\"center\" valign=\"bottom\"><span style=\"color: #000000; font-family: Calibri;\">12<\/span><\/td>\n<td align=\"center\" valign=\"bottom\"><span style=\"color: #000000; font-family: Calibri;\">10,4<\/span><\/td>\n<td align=\"center\" valign=\"bottom\"><span style=\"color: #000000; font-family: Calibri;\">8,7<\/span><\/td>\n<td align=\"center\"><span style=\"font-family: Calibri;\">5,5*3,8<\/span><\/td>\n<\/tr>\n<tr>\n<td align=\"center\" height=\"18\"><span style=\"font-family: Calibri;\">N14<\/span><\/td>\n<td align=\"center\" valign=\"bottom\"><span style=\"color: #000000; font-family: Calibri;\">14<\/span><\/td>\n<td align=\"center\" valign=\"bottom\"><span style=\"color: #000000; font-family: Calibri;\">12,2<\/span><\/td>\n<td align=\"center\" valign=\"bottom\"><span style=\"color: #000000; font-family: Calibri;\">10,2<\/span><\/td>\n<td align=\"center\"><span style=\"font-family: Calibri;\">6,4*4,5<\/span><\/td>\n<\/tr>\n<tr>\n<td align=\"center\" height=\"18\"><span style=\"font-family: Calibri;\">N16<\/span><\/td>\n<td align=\"center\" valign=\"bottom\"><span style=\"color: #000000; font-family: Calibri;\">16<\/span><\/td>\n<td align=\"center\" valign=\"bottom\"><span style=\"color: #000000; font-family: Calibri;\">13,9<\/span><\/td>\n<td align=\"center\" valign=\"bottom\"><span style=\"color: #000000; font-family: Calibri;\">11,7<\/span><\/td>\n<td align=\"center\"><span style=\"font-family: Calibri;\">7,3*5,1<\/span><\/td>\n<\/tr>\n<tr>\n<td align=\"center\" height=\"18\"><span style=\"font-family: Calibri;\">N18<\/span><\/td>\n<td align=\"center\" valign=\"bottom\"><span style=\"color: #000000; font-family: Calibri;\">18<\/span><\/td>\n<td align=\"center\" valign=\"bottom\"><span style=\"color: #000000; font-family: Calibri;\">15,6<\/span><\/td>\n<td align=\"center\" valign=\"bottom\"><span style=\"color: #000000; font-family: Calibri;\">13,1<\/span><\/td>\n<td align=\"center\"><span style=\"font-family: Calibri;\">8,3*5,7<\/span><\/td>\n<\/tr>\n<tr>\n<td align=\"center\" height=\"18\"><span style=\"font-family: Calibri;\">N20<\/span><\/td>\n<td align=\"center\" valign=\"bottom\"><span style=\"color: #000000; font-family: Calibri;\">20<\/span><\/td>\n<td align=\"center\" valign=\"bottom\"><span style=\"color: #000000; font-family: Calibri;\">17,4<\/span><\/td>\n<td align=\"center\" valign=\"bottom\"><span style=\"color: #000000; font-family: Calibri;\">14,6<\/span><\/td>\n<td align=\"center\"><span style=\"font-family: Calibri;\">9,2*6,4<\/span><\/td>\n<\/tr>\n<\/tbody>\n<\/table>\n<p>Personaje Lilo y Stitch<\/p>\n","protected":false},"excerpt":{"rendered":"<p>La venta del molde en STL estar\u00e1 disponible en los pr\u00f3ximos d\u00edas. *Nota: para un mejor desmolde se han tenido&#8230;<\/p>\n","protected":false},"featured_media":7528,"template":"","meta":[],"product_brand":[],"product_cat":[67,77,73,27,30,50],"product_tag":[],"class_list":{"0":"post-7527","1":"product","2":"type-product","3":"status-publish","4":"has-post-thumbnail","6":"product_cat-ver-todo","7":"product_cat-archivos-stl","8":"product_cat-moldes-macetas","9":"product_cat-personajes-dibujos-animados","10":"product_cat-personajes-peliculas","11":"product_cat-personajes-series","13":"first","14":"instock","15":"virtual","16":"purchasable","17":"product-type-simple"},"_links":{"self":[{"href":"https:\/\/tienda3d.com.ar\/stl\/wp-json\/wp\/v2\/product\/7527","targetHints":{"allow":["GET"]}}],"collection":[{"href":"https:\/\/tienda3d.com.ar\/stl\/wp-json\/wp\/v2\/product"}],"about":[{"href":"https:\/\/tienda3d.com.ar\/stl\/wp-json\/wp\/v2\/types\/product"}],"wp:featuredmedia":[{"embeddable":true,"href":"https:\/\/tienda3d.com.ar\/stl\/wp-json\/wp\/v2\/media\/7528"}],"wp:attachment":[{"href":"https:\/\/tienda3d.com.ar\/stl\/wp-json\/wp\/v2\/media?parent=7527"}],"wp:term":[{"taxonomy":"product_brand","embeddable":true,"href":"https:\/\/tienda3d.com.ar\/stl\/wp-json\/wp\/v2\/product_brand?post=7527"},{"taxonomy":"product_cat","embeddable":true,"href":"https:\/\/tienda3d.com.ar\/stl\/wp-json\/wp\/v2\/product_cat?post=7527"},{"taxonomy":"product_tag","embeddable":true,"href":"https:\/\/tienda3d.com.ar\/stl\/wp-json\/wp\/v2\/product_tag?post=7527"}],"curies":[{"name":"wp","href":"https:\/\/api.w.org\/{rel}","templated":true}]}}