{"id":4485,"date":"2023-10-01T16:02:18","date_gmt":"2023-10-01T19:02:18","guid":{"rendered":"https:\/\/tienda3d.com.ar\/stl\/?post_type=product&#038;p=4485"},"modified":"2025-01-18T18:01:55","modified_gmt":"2025-01-18T21:01:55","slug":"stl-molde-hipo-sumergido","status":"publish","type":"product","link":"https:\/\/tienda3d.com.ar\/stl\/producto\/stl-molde-hipo-sumergido\/","title":{"rendered":"STL Molde Hipo Sumergido"},"content":{"rendered":"<p>A continuaci\u00f3n est\u00e1n nuestras medidas recomendadas para la impresi\u00f3n, aunque puedes escalar como quieras o necesites desde tu programa laminador.<\/p>\n<p>Medidas:<\/p>\n<table border=\"0\" frame=\"VOID\" rules=\"NONE\" cellspacing=\"0\">\n<colgroup>\n<col width=\"78\" \/>\n<col width=\"69\" \/>\n<col width=\"77\" \/>\n<col width=\"70\" \/>\n<col width=\"122\" \/><\/colgroup>\n<tbody>\n<tr>\n<td align=\"CENTER\" width=\"78\" height=\"19\"><\/td>\n<td align=\"CENTER\" valign=\"BOTTOM\" width=\"69\"><span style=\"color: #000000; font-family: Calibri;\">alto<\/span><\/td>\n<td align=\"CENTER\" valign=\"BOTTOM\" width=\"77\"><span style=\"color: #000000; font-family: Calibri;\">largo<\/span><\/td>\n<td align=\"CENTER\" valign=\"BOTTOM\" width=\"70\"><span style=\"color: #000000; font-family: Calibri;\">ancho<\/span><\/td>\n<td align=\"CENTER\" valign=\"BOTTOM\" width=\"122\"><span style=\"color: #000000; font-family: Calibri;\">boca<\/span><\/td>\n<\/tr>\n<tr>\n<td align=\"CENTER\" height=\"19\">N6<\/td>\n<td align=\"CENTER\" valign=\"BOTTOM\"><span style=\"color: #000000; font-family: Calibri;\">6<\/span><\/td>\n<td align=\"CENTER\" valign=\"BOTTOM\"><span style=\"color: #000000; font-family: Calibri;\">16<\/span><\/td>\n<td align=\"CENTER\" valign=\"BOTTOM\"><span style=\"color: #000000; font-family: Calibri;\">12<\/span><\/td>\n<td align=\"CENTER\">6,2*4,6<\/td>\n<\/tr>\n<tr>\n<td align=\"CENTER\" height=\"19\">N8<\/td>\n<td align=\"CENTER\" valign=\"BOTTOM\"><span style=\"color: #000000; font-family: Calibri;\">8<\/span><\/td>\n<td align=\"CENTER\" valign=\"BOTTOM\"><span style=\"color: #000000; font-family: Calibri;\">21,5<\/span><\/td>\n<td align=\"CENTER\" valign=\"BOTTOM\"><span style=\"color: #000000; font-family: Calibri;\">16<\/span><\/td>\n<td align=\"CENTER\">8,3*6,1<\/td>\n<\/tr>\n<tr>\n<td align=\"CENTER\" height=\"19\">N10<\/td>\n<td align=\"CENTER\" valign=\"BOTTOM\"><span style=\"color: #000000; font-family: Calibri;\">10<\/span><\/td>\n<td align=\"CENTER\" valign=\"BOTTOM\"><span style=\"color: #000000; font-family: Calibri;\">26,7<\/span><\/td>\n<td align=\"CENTER\" valign=\"BOTTOM\"><span style=\"color: #000000; font-family: Calibri;\">20<\/span><\/td>\n<td align=\"CENTER\">10,3*7,7<\/td>\n<\/tr>\n<\/tbody>\n<\/table>\n","protected":false},"excerpt":{"rendered":"<p>A continuaci\u00f3n est\u00e1n nuestras medidas recomendadas para la impresi\u00f3n, aunque puedes escalar como quieras o necesites desde tu programa laminador&#8230;.<\/p>\n","protected":false},"featured_media":4492,"template":"","meta":[],"product_brand":[],"product_cat":[67,19,77,73],"product_tag":[],"class_list":{"0":"post-4485","1":"product","2":"type-product","3":"status-publish","4":"has-post-thumbnail","6":"product_cat-ver-todo","7":"product_cat-animales","8":"product_cat-archivos-stl","9":"product_cat-moldes-macetas","11":"first","12":"instock","13":"virtual","14":"purchasable","15":"product-type-simple"},"_links":{"self":[{"href":"https:\/\/tienda3d.com.ar\/stl\/wp-json\/wp\/v2\/product\/4485","targetHints":{"allow":["GET"]}}],"collection":[{"href":"https:\/\/tienda3d.com.ar\/stl\/wp-json\/wp\/v2\/product"}],"about":[{"href":"https:\/\/tienda3d.com.ar\/stl\/wp-json\/wp\/v2\/types\/product"}],"wp:featuredmedia":[{"embeddable":true,"href":"https:\/\/tienda3d.com.ar\/stl\/wp-json\/wp\/v2\/media\/4492"}],"wp:attachment":[{"href":"https:\/\/tienda3d.com.ar\/stl\/wp-json\/wp\/v2\/media?parent=4485"}],"wp:term":[{"taxonomy":"product_brand","embeddable":true,"href":"https:\/\/tienda3d.com.ar\/stl\/wp-json\/wp\/v2\/product_brand?post=4485"},{"taxonomy":"product_cat","embeddable":true,"href":"https:\/\/tienda3d.com.ar\/stl\/wp-json\/wp\/v2\/product_cat?post=4485"},{"taxonomy":"product_tag","embeddable":true,"href":"https:\/\/tienda3d.com.ar\/stl\/wp-json\/wp\/v2\/product_tag?post=4485"}],"curies":[{"name":"wp","href":"https:\/\/api.w.org\/{rel}","templated":true}]}}