{"id":3792,"date":"2023-07-04T17:58:03","date_gmt":"2023-07-04T20:58:03","guid":{"rendered":"https:\/\/tienda3d.com.ar\/stl\/?post_type=product&#038;p=3792"},"modified":"2025-01-18T18:04:34","modified_gmt":"2025-01-18T21:04:34","slug":"stl-molde-chilindrina-funko","status":"publish","type":"product","link":"https:\/\/tienda3d.com.ar\/stl\/producto\/stl-molde-chilindrina-funko\/","title":{"rendered":"STL Molde Chilindrina Funko"},"content":{"rendered":"<p>A continuaci\u00f3n est\u00e1n nuestras medidas recomendadas para la impresi\u00f3n, aunque puedes escalar como quieras o necesites desde tu programa laminador.<\/p>\n<p>Medidas:<\/p>\n<table border=\"0\" frame=\"VOID\" rules=\"NONE\" cellspacing=\"0\">\n<colgroup>\n<col width=\"79\" \/>\n<col width=\"60\" \/>\n<col width=\"77\" \/>\n<col width=\"70\" \/>\n<col width=\"122\" \/><\/colgroup>\n<tbody>\n<tr>\n<td align=\"LEFT\" width=\"79\" height=\"19\"><\/td>\n<td align=\"CENTER\" valign=\"BOTTOM\" width=\"60\"><span style=\"color: #000000; font-family: Calibri;\">alto<\/span><\/td>\n<td align=\"CENTER\" valign=\"BOTTOM\" width=\"77\"><span style=\"color: #000000; font-family: Calibri;\">largo<\/span><\/td>\n<td align=\"CENTER\" valign=\"BOTTOM\" width=\"70\"><span style=\"color: #000000; font-family: Calibri;\">ancho<\/span><\/td>\n<td align=\"CENTER\" valign=\"BOTTOM\" width=\"122\"><span style=\"color: #000000; font-family: Calibri;\">boca<\/span><\/td>\n<\/tr>\n<tr>\n<td align=\"CENTER\" height=\"19\">N8<\/td>\n<td align=\"CENTER\">8<\/td>\n<td align=\"CENTER\">11,2<\/td>\n<td align=\"CENTER\">8,8<\/td>\n<td align=\"CENTER\">6*6,8<\/td>\n<\/tr>\n<tr>\n<td align=\"CENTER\" height=\"19\">N10<\/td>\n<td align=\"CENTER\">10<\/td>\n<td align=\"CENTER\">14<\/td>\n<td align=\"CENTER\">11<\/td>\n<td align=\"CENTER\">7,5*8,5<\/td>\n<\/tr>\n<tr>\n<td align=\"CENTER\" height=\"19\">N12<\/td>\n<td align=\"CENTER\">12<\/td>\n<td align=\"CENTER\">16,8<\/td>\n<td align=\"CENTER\">13,2<\/td>\n<td align=\"CENTER\">9*10,2<\/td>\n<\/tr>\n<tr>\n<td align=\"CENTER\" height=\"19\">N14<\/td>\n<td align=\"CENTER\">14<\/td>\n<td align=\"CENTER\">19,6<\/td>\n<td align=\"CENTER\">15,4<\/td>\n<td align=\"CENTER\">10,5*11,9<\/td>\n<\/tr>\n<\/tbody>\n<\/table>\n","protected":false},"excerpt":{"rendered":"<p>A continuaci\u00f3n est\u00e1n nuestras medidas recomendadas para la impresi\u00f3n, aunque puedes escalar como quieras o necesites desde tu programa laminador&#8230;.<\/p>\n","protected":false},"featured_media":3797,"template":"","meta":[],"product_brand":[],"product_cat":[67,73,27,28,50],"product_tag":[],"class_list":{"0":"post-3792","1":"product","2":"type-product","3":"status-publish","4":"has-post-thumbnail","6":"product_cat-ver-todo","7":"product_cat-moldes-macetas","8":"product_cat-personajes-dibujos-animados","9":"product_cat-personajes-juegos","10":"product_cat-personajes-series","12":"first","13":"instock","14":"virtual","15":"purchasable","16":"product-type-simple"},"_links":{"self":[{"href":"https:\/\/tienda3d.com.ar\/stl\/wp-json\/wp\/v2\/product\/3792","targetHints":{"allow":["GET"]}}],"collection":[{"href":"https:\/\/tienda3d.com.ar\/stl\/wp-json\/wp\/v2\/product"}],"about":[{"href":"https:\/\/tienda3d.com.ar\/stl\/wp-json\/wp\/v2\/types\/product"}],"wp:featuredmedia":[{"embeddable":true,"href":"https:\/\/tienda3d.com.ar\/stl\/wp-json\/wp\/v2\/media\/3797"}],"wp:attachment":[{"href":"https:\/\/tienda3d.com.ar\/stl\/wp-json\/wp\/v2\/media?parent=3792"}],"wp:term":[{"taxonomy":"product_brand","embeddable":true,"href":"https:\/\/tienda3d.com.ar\/stl\/wp-json\/wp\/v2\/product_brand?post=3792"},{"taxonomy":"product_cat","embeddable":true,"href":"https:\/\/tienda3d.com.ar\/stl\/wp-json\/wp\/v2\/product_cat?post=3792"},{"taxonomy":"product_tag","embeddable":true,"href":"https:\/\/tienda3d.com.ar\/stl\/wp-json\/wp\/v2\/product_tag?post=3792"}],"curies":[{"name":"wp","href":"https:\/\/api.w.org\/{rel}","templated":true}]}}