{"id":3688,"date":"2023-06-20T14:47:40","date_gmt":"2023-06-20T17:47:40","guid":{"rendered":"https:\/\/tienda3d.com.ar\/stl\/?post_type=product&#038;p=3688"},"modified":"2025-01-18T18:05:02","modified_gmt":"2025-01-18T21:05:02","slug":"stl-molde-patricio-estrella","status":"publish","type":"product","link":"https:\/\/tienda3d.com.ar\/stl\/producto\/stl-molde-patricio-estrella\/","title":{"rendered":"STL Molde Patricio Estrella"},"content":{"rendered":"<p>A continuaci\u00f3n est\u00e1n nuestras medidas recomendadas para la impresi\u00f3n, aunque puedes escalar como quieras o necesites desde tu programa laminador.<\/p>\n<p>Medidas:<\/p>\n<table border=\"0\" frame=\"VOID\" rules=\"NONE\" cellspacing=\"0\">\n<colgroup>\n<col width=\"79\" \/>\n<col width=\"60\" \/>\n<col width=\"77\" \/>\n<col width=\"70\" \/>\n<col width=\"122\" \/><\/colgroup>\n<tbody>\n<tr>\n<td align=\"CENTER\" width=\"79\" height=\"19\"><\/td>\n<td align=\"CENTER\" valign=\"BOTTOM\" width=\"60\"><span style=\"color: #000000; font-family: Calibri;\">alto<\/span><\/td>\n<td align=\"CENTER\" valign=\"BOTTOM\" width=\"77\"><span style=\"color: #000000; font-family: Calibri;\">largo<\/span><\/td>\n<td align=\"CENTER\" valign=\"BOTTOM\" width=\"70\"><span style=\"color: #000000; font-family: Calibri;\">ancho<\/span><\/td>\n<td align=\"CENTER\" valign=\"BOTTOM\" width=\"122\"><span style=\"color: #000000; font-family: Calibri;\">boca<\/span><\/td>\n<\/tr>\n<tr>\n<td align=\"CENTER\" height=\"19\">N10<\/td>\n<td align=\"CENTER\" valign=\"BOTTOM\"><span style=\"color: #000000; font-family: Calibri;\">10<\/span><\/td>\n<td align=\"CENTER\" valign=\"BOTTOM\"><span style=\"color: #000000; font-family: Calibri;\">8,8<\/span><\/td>\n<td align=\"CENTER\" valign=\"BOTTOM\"><span style=\"color: #000000; font-family: Calibri;\">6,5<\/span><\/td>\n<td align=\"CENTER\">4*3,5<\/td>\n<\/tr>\n<tr>\n<td align=\"CENTER\" height=\"19\">N12<\/td>\n<td align=\"CENTER\" valign=\"BOTTOM\"><span style=\"color: #000000; font-family: Calibri;\">12<\/span><\/td>\n<td align=\"CENTER\" valign=\"BOTTOM\"><span style=\"color: #000000; font-family: Calibri;\">10,6<\/span><\/td>\n<td align=\"CENTER\" valign=\"BOTTOM\"><span style=\"color: #000000; font-family: Calibri;\">7,8<\/span><\/td>\n<td align=\"CENTER\">4,8*4,2<\/td>\n<\/tr>\n<tr>\n<td align=\"CENTER\" height=\"19\">N14<\/td>\n<td align=\"CENTER\" valign=\"BOTTOM\"><span style=\"color: #000000; font-family: Calibri;\">14<\/span><\/td>\n<td align=\"CENTER\" valign=\"BOTTOM\"><span style=\"color: #000000; font-family: Calibri;\">12,3<\/span><\/td>\n<td align=\"CENTER\" valign=\"BOTTOM\"><span style=\"color: #000000; font-family: Calibri;\">9,1<\/span><\/td>\n<td align=\"CENTER\">5,6*4,9<\/td>\n<\/tr>\n<tr>\n<td align=\"CENTER\" height=\"19\">N16<\/td>\n<td align=\"CENTER\" valign=\"BOTTOM\"><span style=\"color: #000000; font-family: Calibri;\">16<\/span><\/td>\n<td align=\"CENTER\" valign=\"BOTTOM\"><span style=\"color: #000000; font-family: Calibri;\">14<\/span><\/td>\n<td align=\"CENTER\" valign=\"BOTTOM\"><span style=\"color: #000000; font-family: Calibri;\">10,4<\/span><\/td>\n<td align=\"CENTER\">6,4*5,6<\/td>\n<\/tr>\n<tr>\n<td align=\"CENTER\" height=\"19\">N18<\/td>\n<td align=\"CENTER\" valign=\"BOTTOM\"><span style=\"color: #000000; font-family: Calibri;\">18<\/span><\/td>\n<td align=\"CENTER\" valign=\"BOTTOM\"><span style=\"color: #000000; font-family: Calibri;\">15,8<\/span><\/td>\n<td align=\"CENTER\" valign=\"BOTTOM\"><span style=\"color: #000000; font-family: Calibri;\">11,7<\/span><\/td>\n<td align=\"CENTER\">7,2*6,3<\/td>\n<\/tr>\n<tr>\n<td align=\"CENTER\" height=\"19\">N20<\/td>\n<td align=\"CENTER\" valign=\"BOTTOM\"><span style=\"color: #000000; font-family: Calibri;\">20<\/span><\/td>\n<td align=\"CENTER\" valign=\"BOTTOM\"><span style=\"color: #000000; font-family: Calibri;\">17,6<\/span><\/td>\n<td align=\"CENTER\" valign=\"BOTTOM\"><span style=\"color: #000000; font-family: Calibri;\">13<\/span><\/td>\n<td align=\"CENTER\">8*7<\/td>\n<\/tr>\n<\/tbody>\n<\/table>\n","protected":false},"excerpt":{"rendered":"<p>A continuaci\u00f3n est\u00e1n nuestras medidas recomendadas para la impresi\u00f3n, aunque puedes escalar como quieras o necesites desde tu programa laminador&#8230;.<\/p>\n","protected":false},"featured_media":3695,"template":"","meta":[],"product_brand":[],"product_cat":[67,73,27],"product_tag":[],"class_list":{"0":"post-3688","1":"product","2":"type-product","3":"status-publish","4":"has-post-thumbnail","6":"product_cat-ver-todo","7":"product_cat-moldes-macetas","8":"product_cat-personajes-dibujos-animados","10":"first","11":"instock","12":"virtual","13":"purchasable","14":"product-type-simple"},"_links":{"self":[{"href":"https:\/\/tienda3d.com.ar\/stl\/wp-json\/wp\/v2\/product\/3688","targetHints":{"allow":["GET"]}}],"collection":[{"href":"https:\/\/tienda3d.com.ar\/stl\/wp-json\/wp\/v2\/product"}],"about":[{"href":"https:\/\/tienda3d.com.ar\/stl\/wp-json\/wp\/v2\/types\/product"}],"wp:featuredmedia":[{"embeddable":true,"href":"https:\/\/tienda3d.com.ar\/stl\/wp-json\/wp\/v2\/media\/3695"}],"wp:attachment":[{"href":"https:\/\/tienda3d.com.ar\/stl\/wp-json\/wp\/v2\/media?parent=3688"}],"wp:term":[{"taxonomy":"product_brand","embeddable":true,"href":"https:\/\/tienda3d.com.ar\/stl\/wp-json\/wp\/v2\/product_brand?post=3688"},{"taxonomy":"product_cat","embeddable":true,"href":"https:\/\/tienda3d.com.ar\/stl\/wp-json\/wp\/v2\/product_cat?post=3688"},{"taxonomy":"product_tag","embeddable":true,"href":"https:\/\/tienda3d.com.ar\/stl\/wp-json\/wp\/v2\/product_tag?post=3688"}],"curies":[{"name":"wp","href":"https:\/\/api.w.org\/{rel}","templated":true}]}}