{"id":2723,"date":"2023-05-09T09:32:08","date_gmt":"2023-05-09T12:32:08","guid":{"rendered":"https:\/\/tienda3d.com.ar\/stl\/?post_type=product&#038;p=2723"},"modified":"2025-01-18T18:08:48","modified_gmt":"2025-01-18T21:08:48","slug":"stl-molde-muela","status":"publish","type":"product","link":"https:\/\/tienda3d.com.ar\/stl\/producto\/stl-molde-muela\/","title":{"rendered":"STL Molde Muela"},"content":{"rendered":"<p>Molde para crear esta hermosa figura de Muela \/ molar \/ diente<\/p>\n<p>A continuaci\u00f3n est\u00e1n nuestras medidas recomendadas para la impresi\u00f3n, aunque puedes escalar como quieras o necesites desde tu programa laminador.<\/p>\n<p>Medidas:<\/p>\n<table border=\"0\" frame=\"VOID\" rules=\"NONE\" cellspacing=\"0\">\n<colgroup>\n<col width=\"79\" \/>\n<col width=\"60\" \/>\n<col width=\"77\" \/>\n<col width=\"70\" \/>\n<col width=\"114\" \/><\/colgroup>\n<tbody>\n<tr>\n<td align=\"LEFT\" valign=\"BOTTOM\" width=\"79\" height=\"19\"><span style=\"color: #000000; font-family: Calibri;\">\u00a0<\/span><\/td>\n<td align=\"RIGHT\" valign=\"BOTTOM\" width=\"60\"><span style=\"color: #000000; font-family: Calibri;\">alto<\/span><\/td>\n<td align=\"RIGHT\" valign=\"BOTTOM\" width=\"77\"><span style=\"color: #000000; font-family: Calibri;\">largo<\/span><\/td>\n<td align=\"RIGHT\" valign=\"BOTTOM\" width=\"70\"><span style=\"color: #000000; font-family: Calibri;\">ancho<\/span><\/td>\n<td align=\"RIGHT\" valign=\"BOTTOM\" width=\"114\"><span style=\"color: #000000; font-family: Calibri;\">boca<\/span><\/td>\n<\/tr>\n<tr>\n<td align=\"LEFT\" valign=\"BOTTOM\" height=\"19\"><span style=\"color: #000000; font-family: Calibri;\">N10<\/span><\/td>\n<td align=\"RIGHT\" valign=\"BOTTOM\"><span style=\"color: #000000; font-family: Calibri;\">10<\/span><\/td>\n<td align=\"RIGHT\" valign=\"BOTTOM\"><span style=\"color: #000000; font-family: Calibri;\">10<\/span><\/td>\n<td align=\"RIGHT\" valign=\"BOTTOM\"><span style=\"color: #000000; font-family: Calibri;\">10<\/span><\/td>\n<td align=\"RIGHT\" valign=\"BOTTOM\"><span style=\"color: #000000; font-family: Calibri;\">7,8<\/span><\/td>\n<\/tr>\n<tr>\n<td align=\"LEFT\" valign=\"BOTTOM\" height=\"19\"><span style=\"color: #000000; font-family: Calibri;\">N12<\/span><\/td>\n<td align=\"RIGHT\" valign=\"BOTTOM\"><span style=\"color: #000000; font-family: Calibri;\">12<\/span><\/td>\n<td align=\"RIGHT\" valign=\"BOTTOM\"><span style=\"color: #000000; font-family: Calibri;\">12<\/span><\/td>\n<td align=\"RIGHT\" valign=\"BOTTOM\"><span style=\"color: #000000; font-family: Calibri;\">12<\/span><\/td>\n<td align=\"RIGHT\" valign=\"BOTTOM\"><span style=\"color: #000000; font-family: Calibri;\">9,4<\/span><\/td>\n<\/tr>\n<tr>\n<td align=\"LEFT\" valign=\"BOTTOM\" height=\"19\"><span style=\"color: #000000; font-family: Calibri;\">N14<\/span><\/td>\n<td align=\"RIGHT\" valign=\"BOTTOM\"><span style=\"color: #000000; font-family: Calibri;\">14<\/span><\/td>\n<td align=\"RIGHT\" valign=\"BOTTOM\"><span style=\"color: #000000; font-family: Calibri;\">14<\/span><\/td>\n<td align=\"RIGHT\" valign=\"BOTTOM\"><span style=\"color: #000000; font-family: Calibri;\">14<\/span><\/td>\n<td align=\"RIGHT\" valign=\"BOTTOM\"><span style=\"color: #000000; font-family: Calibri;\">11<\/span><\/td>\n<\/tr>\n<tr>\n<td align=\"LEFT\" valign=\"BOTTOM\" height=\"19\"><span style=\"color: #000000; font-family: Calibri;\">N16<\/span><\/td>\n<td align=\"RIGHT\" valign=\"BOTTOM\"><span style=\"color: #000000; font-family: Calibri;\">16<\/span><\/td>\n<td align=\"RIGHT\" valign=\"BOTTOM\"><span style=\"color: #000000; font-family: Calibri;\">16<\/span><\/td>\n<td align=\"RIGHT\" valign=\"BOTTOM\"><span style=\"color: #000000; font-family: Calibri;\">16<\/span><\/td>\n<td align=\"RIGHT\" valign=\"BOTTOM\"><span style=\"color: #000000; font-family: Calibri;\">12,5<\/span><\/td>\n<\/tr>\n<tr>\n<td align=\"LEFT\" valign=\"BOTTOM\" height=\"19\"><span style=\"color: #000000; font-family: Calibri;\">N18<\/span><\/td>\n<td align=\"RIGHT\" valign=\"BOTTOM\"><span style=\"color: #000000; font-family: Calibri;\">18<\/span><\/td>\n<td align=\"RIGHT\" valign=\"BOTTOM\"><span style=\"color: #000000; font-family: Calibri;\">18<\/span><\/td>\n<td align=\"RIGHT\" valign=\"BOTTOM\"><span style=\"color: #000000; font-family: Calibri;\">18<\/span><\/td>\n<td align=\"RIGHT\" valign=\"BOTTOM\"><span style=\"color: #000000; font-family: Calibri;\">14<\/span><\/td>\n<\/tr>\n<tr>\n<td align=\"LEFT\" valign=\"BOTTOM\" height=\"19\"><span style=\"color: #000000; font-family: Calibri;\">N20<\/span><\/td>\n<td align=\"RIGHT\" valign=\"BOTTOM\"><span style=\"color: #000000; font-family: Calibri;\">20<\/span><\/td>\n<td align=\"RIGHT\" valign=\"BOTTOM\"><span style=\"color: #000000; font-family: Calibri;\">20<\/span><\/td>\n<td align=\"RIGHT\" valign=\"BOTTOM\"><span style=\"color: #000000; font-family: Calibri;\">20<\/span><\/td>\n<td align=\"RIGHT\" valign=\"BOTTOM\"><span style=\"color: #000000; font-family: Calibri;\">15,6<\/span><\/td>\n<\/tr>\n<\/tbody>\n<\/table>\n","protected":false},"excerpt":{"rendered":"<p>Molde para crear esta hermosa figura de Muela \/ molar \/ diente A continuaci\u00f3n est\u00e1n nuestras medidas recomendadas para la&#8230;<\/p>\n","protected":false},"featured_media":2727,"template":"","meta":[],"product_brand":[],"product_cat":[67,77,69,73,35],"product_tag":[],"class_list":{"0":"post-2723","1":"product","2":"type-product","3":"status-publish","4":"has-post-thumbnail","6":"product_cat-ver-todo","7":"product_cat-archivos-stl","8":"product_cat-disenos-especiales","9":"product_cat-moldes-macetas","10":"product_cat-varios","12":"first","13":"instock","14":"virtual","15":"purchasable","16":"product-type-simple"},"_links":{"self":[{"href":"https:\/\/tienda3d.com.ar\/stl\/wp-json\/wp\/v2\/product\/2723","targetHints":{"allow":["GET"]}}],"collection":[{"href":"https:\/\/tienda3d.com.ar\/stl\/wp-json\/wp\/v2\/product"}],"about":[{"href":"https:\/\/tienda3d.com.ar\/stl\/wp-json\/wp\/v2\/types\/product"}],"wp:featuredmedia":[{"embeddable":true,"href":"https:\/\/tienda3d.com.ar\/stl\/wp-json\/wp\/v2\/media\/2727"}],"wp:attachment":[{"href":"https:\/\/tienda3d.com.ar\/stl\/wp-json\/wp\/v2\/media?parent=2723"}],"wp:term":[{"taxonomy":"product_brand","embeddable":true,"href":"https:\/\/tienda3d.com.ar\/stl\/wp-json\/wp\/v2\/product_brand?post=2723"},{"taxonomy":"product_cat","embeddable":true,"href":"https:\/\/tienda3d.com.ar\/stl\/wp-json\/wp\/v2\/product_cat?post=2723"},{"taxonomy":"product_tag","embeddable":true,"href":"https:\/\/tienda3d.com.ar\/stl\/wp-json\/wp\/v2\/product_tag?post=2723"}],"curies":[{"name":"wp","href":"https:\/\/api.w.org\/{rel}","templated":true}]}}