{"id":2697,"date":"2023-05-06T19:57:47","date_gmt":"2023-05-06T22:57:47","guid":{"rendered":"https:\/\/tienda3d.com.ar\/stl\/?post_type=product&#038;p=2697"},"modified":"2025-01-18T18:08:48","modified_gmt":"2025-01-18T21:08:48","slug":"stl-molde-cohete-retro","status":"publish","type":"product","link":"https:\/\/tienda3d.com.ar\/stl\/producto\/stl-molde-cohete-retro\/","title":{"rendered":"STL Molde Cohete Retro"},"content":{"rendered":"<p>A continuaci\u00f3n est\u00e1n nuestras medidas recomendadas para la impresi\u00f3n, aunque puedes escalar como quieras o necesites desde tu programa laminador.<\/p>\n<p>Medidas:<\/p>\n<table border=\"0\" frame=\"VOID\" rules=\"NONE\" cellspacing=\"0\">\n<colgroup>\n<col width=\"79\" \/>\n<col width=\"60\" \/>\n<col width=\"77\" \/>\n<col width=\"70\" \/>\n<col width=\"114\" \/><\/colgroup>\n<tbody>\n<tr>\n<td align=\"CENTER\" valign=\"BOTTOM\" width=\"79\" height=\"19\"><span style=\"color: #000000; font-family: Calibri;\">\u00a0<\/span><\/td>\n<td align=\"CENTER\" valign=\"BOTTOM\" width=\"60\"><span style=\"color: #000000; font-family: Calibri;\">alto<\/span><\/td>\n<td align=\"CENTER\" valign=\"BOTTOM\" width=\"77\"><span style=\"color: #000000; font-family: Calibri;\">largo<\/span><\/td>\n<td align=\"CENTER\" valign=\"BOTTOM\" width=\"70\"><span style=\"color: #000000; font-family: Calibri;\">ancho<\/span><\/td>\n<td align=\"CENTER\" valign=\"BOTTOM\" width=\"114\"><span style=\"color: #000000; font-family: Calibri;\">boca<\/span><\/td>\n<\/tr>\n<tr>\n<td align=\"CENTER\" valign=\"BOTTOM\" height=\"19\"><span style=\"color: #000000; font-family: Calibri;\">N12<\/span><\/td>\n<td align=\"CENTER\" valign=\"BOTTOM\"><span style=\"color: #000000; font-family: Calibri;\">12<\/span><\/td>\n<td align=\"CENTER\" valign=\"BOTTOM\"><span style=\"color: #000000; font-family: Calibri;\">11<\/span><\/td>\n<td align=\"CENTER\" valign=\"BOTTOM\"><span style=\"color: #000000; font-family: Calibri;\">10,5<\/span><\/td>\n<td align=\"CENTER\" valign=\"BOTTOM\"><span style=\"color: #000000; font-family: Calibri;\">5,2<\/span><\/td>\n<\/tr>\n<tr>\n<td align=\"CENTER\" valign=\"BOTTOM\" height=\"19\"><span style=\"color: #000000; font-family: Calibri;\">N14<\/span><\/td>\n<td align=\"CENTER\" valign=\"BOTTOM\"><span style=\"color: #000000; font-family: Calibri;\">14<\/span><\/td>\n<td align=\"CENTER\" valign=\"BOTTOM\"><span style=\"color: #000000; font-family: Calibri;\">13<\/span><\/td>\n<td align=\"CENTER\" valign=\"BOTTOM\"><span style=\"color: #000000; font-family: Calibri;\">12,3<\/span><\/td>\n<td align=\"CENTER\" valign=\"BOTTOM\"><span style=\"color: #000000; font-family: Calibri;\">6<\/span><\/td>\n<\/tr>\n<tr>\n<td align=\"CENTER\" valign=\"BOTTOM\" height=\"19\"><span style=\"color: #000000; font-family: Calibri;\">N16<\/span><\/td>\n<td align=\"CENTER\" valign=\"BOTTOM\"><span style=\"color: #000000; font-family: Calibri;\">16<\/span><\/td>\n<td align=\"CENTER\" valign=\"BOTTOM\"><span style=\"color: #000000; font-family: Calibri;\">14,7<\/span><\/td>\n<td align=\"CENTER\" valign=\"BOTTOM\"><span style=\"color: #000000; font-family: Calibri;\">14<\/span><\/td>\n<td align=\"CENTER\" valign=\"BOTTOM\"><span style=\"color: #000000; font-family: Calibri;\">7<\/span><\/td>\n<\/tr>\n<tr>\n<td align=\"CENTER\" valign=\"BOTTOM\" height=\"19\"><span style=\"color: #000000; font-family: Calibri;\">N18<\/span><\/td>\n<td align=\"CENTER\" valign=\"BOTTOM\"><span style=\"color: #000000; font-family: Calibri;\">18<\/span><\/td>\n<td align=\"CENTER\" valign=\"BOTTOM\"><span style=\"color: #000000; font-family: Calibri;\">16,5<\/span><\/td>\n<td align=\"CENTER\" valign=\"BOTTOM\"><span style=\"color: #000000; font-family: Calibri;\">15,8<\/span><\/td>\n<td align=\"CENTER\" valign=\"BOTTOM\"><span style=\"color: #000000; font-family: Calibri;\">7,8<\/span><\/td>\n<\/tr>\n<tr>\n<td align=\"CENTER\" valign=\"BOTTOM\" height=\"19\"><span style=\"color: #000000; font-family: Calibri;\">N20<\/span><\/td>\n<td align=\"CENTER\" valign=\"BOTTOM\"><span style=\"color: #000000; font-family: Calibri;\">20<\/span><\/td>\n<td align=\"CENTER\" valign=\"BOTTOM\"><span style=\"color: #000000; font-family: Calibri;\">18,4<\/span><\/td>\n<td align=\"CENTER\" valign=\"BOTTOM\"><span style=\"color: #000000; font-family: Calibri;\">17,5<\/span><\/td>\n<td align=\"CENTER\" valign=\"BOTTOM\"><span style=\"color: #000000; font-family: Calibri;\">8,7<\/span><\/td>\n<\/tr>\n<\/tbody>\n<\/table>\n","protected":false},"excerpt":{"rendered":"<p>A continuaci\u00f3n est\u00e1n nuestras medidas recomendadas para la impresi\u00f3n, aunque puedes escalar como quieras o necesites desde tu programa laminador&#8230;.<\/p>\n","protected":false},"featured_media":2703,"template":"","meta":[],"product_brand":[],"product_cat":[67,77,73,66],"product_tag":[],"class_list":{"0":"post-2697","1":"product","2":"type-product","3":"status-publish","4":"has-post-thumbnail","6":"product_cat-ver-todo","7":"product_cat-archivos-stl","8":"product_cat-moldes-macetas","9":"product_cat-vintage-retro","11":"first","12":"instock","13":"virtual","14":"purchasable","15":"product-type-simple"},"_links":{"self":[{"href":"https:\/\/tienda3d.com.ar\/stl\/wp-json\/wp\/v2\/product\/2697","targetHints":{"allow":["GET"]}}],"collection":[{"href":"https:\/\/tienda3d.com.ar\/stl\/wp-json\/wp\/v2\/product"}],"about":[{"href":"https:\/\/tienda3d.com.ar\/stl\/wp-json\/wp\/v2\/types\/product"}],"wp:featuredmedia":[{"embeddable":true,"href":"https:\/\/tienda3d.com.ar\/stl\/wp-json\/wp\/v2\/media\/2703"}],"wp:attachment":[{"href":"https:\/\/tienda3d.com.ar\/stl\/wp-json\/wp\/v2\/media?parent=2697"}],"wp:term":[{"taxonomy":"product_brand","embeddable":true,"href":"https:\/\/tienda3d.com.ar\/stl\/wp-json\/wp\/v2\/product_brand?post=2697"},{"taxonomy":"product_cat","embeddable":true,"href":"https:\/\/tienda3d.com.ar\/stl\/wp-json\/wp\/v2\/product_cat?post=2697"},{"taxonomy":"product_tag","embeddable":true,"href":"https:\/\/tienda3d.com.ar\/stl\/wp-json\/wp\/v2\/product_tag?post=2697"}],"curies":[{"name":"wp","href":"https:\/\/api.w.org\/{rel}","templated":true}]}}