{"id":2650,"date":"2023-05-01T15:13:27","date_gmt":"2023-05-01T18:13:27","guid":{"rendered":"https:\/\/tienda3d.com.ar\/stl\/?post_type=product&#038;p=2650"},"modified":"2025-01-18T18:08:48","modified_gmt":"2025-01-18T21:08:48","slug":"stl-molde-abrazo","status":"publish","type":"product","link":"https:\/\/tienda3d.com.ar\/stl\/producto\/stl-molde-abrazo\/","title":{"rendered":"STL Molde Abrazo"},"content":{"rendered":"<p>A continuaci\u00f3n est\u00e1n nuestras medidas recomendadas para la impresi\u00f3n, aunque puedes escalar como quieras o necesites desde tu programa laminador.<\/p>\n<p>Medidas:<\/p>\n<table border=\"0\" frame=\"VOID\" rules=\"NONE\" cellspacing=\"0\">\n<colgroup>\n<col width=\"79\" \/>\n<col width=\"79\" \/>\n<col width=\"79\" \/>\n<col width=\"79\" \/>\n<col width=\"79\" \/><\/colgroup>\n<tbody>\n<tr>\n<td align=\"LEFT\" valign=\"BOTTOM\" width=\"79\" height=\"19\"><span style=\"color: #000000; font-family: Calibri;\">\u00a0<\/span><\/td>\n<td align=\"RIGHT\" valign=\"BOTTOM\" width=\"79\"><span style=\"color: #000000; font-family: Calibri;\">alto<\/span><\/td>\n<td align=\"RIGHT\" valign=\"BOTTOM\" width=\"79\"><span style=\"color: #000000; font-family: Calibri;\">largo<\/span><\/td>\n<td align=\"RIGHT\" valign=\"BOTTOM\" width=\"79\"><span style=\"color: #000000; font-family: Calibri;\">ancho<\/span><\/td>\n<td align=\"RIGHT\" valign=\"BOTTOM\" width=\"79\"><span style=\"color: #000000; font-family: Calibri;\">boca<\/span><\/td>\n<\/tr>\n<tr>\n<td align=\"LEFT\" valign=\"BOTTOM\" height=\"19\"><span style=\"color: #000000; font-family: Calibri;\">N12<\/span><\/td>\n<td align=\"RIGHT\" valign=\"BOTTOM\"><span style=\"color: #000000; font-family: Calibri;\">12<\/span><\/td>\n<td align=\"RIGHT\" valign=\"BOTTOM\"><span style=\"color: #000000; font-family: Calibri;\">11<\/span><\/td>\n<td align=\"RIGHT\" valign=\"BOTTOM\"><span style=\"color: #000000; font-family: Calibri;\">8<\/span><\/td>\n<td align=\"RIGHT\" valign=\"BOTTOM\"><span style=\"color: #000000; font-family: Calibri;\">5,2<\/span><\/td>\n<\/tr>\n<tr>\n<td align=\"LEFT\" valign=\"BOTTOM\" height=\"19\"><span style=\"color: #000000; font-family: Calibri;\">N14<\/span><\/td>\n<td align=\"RIGHT\" valign=\"BOTTOM\"><span style=\"color: #000000; font-family: Calibri;\">14<\/span><\/td>\n<td align=\"RIGHT\" valign=\"BOTTOM\"><span style=\"color: #000000; font-family: Calibri;\">12,9<\/span><\/td>\n<td align=\"RIGHT\" valign=\"BOTTOM\"><span style=\"color: #000000; font-family: Calibri;\">9,4<\/span><\/td>\n<td align=\"RIGHT\" valign=\"BOTTOM\"><span style=\"color: #000000; font-family: Calibri;\">6<\/span><\/td>\n<\/tr>\n<tr>\n<td align=\"LEFT\" valign=\"BOTTOM\" height=\"19\"><span style=\"color: #000000; font-family: Calibri;\">N16<\/span><\/td>\n<td align=\"RIGHT\" valign=\"BOTTOM\"><span style=\"color: #000000; font-family: Calibri;\">16<\/span><\/td>\n<td align=\"RIGHT\" valign=\"BOTTOM\"><span style=\"color: #000000; font-family: Calibri;\">14,7<\/span><\/td>\n<td align=\"RIGHT\" valign=\"BOTTOM\"><span style=\"color: #000000; font-family: Calibri;\">10,7<\/span><\/td>\n<td align=\"RIGHT\" valign=\"BOTTOM\"><span style=\"color: #000000; font-family: Calibri;\">7<\/span><\/td>\n<\/tr>\n<tr>\n<td align=\"LEFT\" valign=\"BOTTOM\" height=\"19\"><span style=\"color: #000000; font-family: Calibri;\">N18<\/span><\/td>\n<td align=\"RIGHT\" valign=\"BOTTOM\"><span style=\"color: #000000; font-family: Calibri;\">18<\/span><\/td>\n<td align=\"RIGHT\" valign=\"BOTTOM\"><span style=\"color: #000000; font-family: Calibri;\">16,5<\/span><\/td>\n<td align=\"RIGHT\" valign=\"BOTTOM\"><span style=\"color: #000000; font-family: Calibri;\">12<\/span><\/td>\n<td align=\"RIGHT\" valign=\"BOTTOM\"><span style=\"color: #000000; font-family: Calibri;\">7,8<\/span><\/td>\n<\/tr>\n<tr>\n<td align=\"LEFT\" valign=\"BOTTOM\" height=\"19\"><span style=\"color: #000000; font-family: Calibri;\">N20<\/span><\/td>\n<td align=\"RIGHT\" valign=\"BOTTOM\"><span style=\"color: #000000; font-family: Calibri;\">20<\/span><\/td>\n<td align=\"RIGHT\" valign=\"BOTTOM\"><span style=\"color: #000000; font-family: Calibri;\">18,4<\/span><\/td>\n<td align=\"RIGHT\" valign=\"BOTTOM\"><span style=\"color: #000000; font-family: Calibri;\">13,4<\/span><\/td>\n<td align=\"RIGHT\" valign=\"BOTTOM\"><span style=\"color: #000000; font-family: Calibri;\">8,7<\/span><\/td>\n<\/tr>\n<\/tbody>\n<\/table>\n","protected":false},"excerpt":{"rendered":"<p>A continuaci\u00f3n est\u00e1n nuestras medidas recomendadas para la impresi\u00f3n, aunque puedes escalar como quieras o necesites desde tu programa laminador&#8230;.<\/p>\n","protected":false},"featured_media":2654,"template":"","meta":[],"product_brand":[],"product_cat":[67,77,69,73,35],"product_tag":[],"class_list":{"0":"post-2650","1":"product","2":"type-product","3":"status-publish","4":"has-post-thumbnail","6":"product_cat-ver-todo","7":"product_cat-archivos-stl","8":"product_cat-disenos-especiales","9":"product_cat-moldes-macetas","10":"product_cat-varios","12":"first","13":"instock","14":"virtual","15":"purchasable","16":"product-type-simple"},"_links":{"self":[{"href":"https:\/\/tienda3d.com.ar\/stl\/wp-json\/wp\/v2\/product\/2650","targetHints":{"allow":["GET"]}}],"collection":[{"href":"https:\/\/tienda3d.com.ar\/stl\/wp-json\/wp\/v2\/product"}],"about":[{"href":"https:\/\/tienda3d.com.ar\/stl\/wp-json\/wp\/v2\/types\/product"}],"wp:featuredmedia":[{"embeddable":true,"href":"https:\/\/tienda3d.com.ar\/stl\/wp-json\/wp\/v2\/media\/2654"}],"wp:attachment":[{"href":"https:\/\/tienda3d.com.ar\/stl\/wp-json\/wp\/v2\/media?parent=2650"}],"wp:term":[{"taxonomy":"product_brand","embeddable":true,"href":"https:\/\/tienda3d.com.ar\/stl\/wp-json\/wp\/v2\/product_brand?post=2650"},{"taxonomy":"product_cat","embeddable":true,"href":"https:\/\/tienda3d.com.ar\/stl\/wp-json\/wp\/v2\/product_cat?post=2650"},{"taxonomy":"product_tag","embeddable":true,"href":"https:\/\/tienda3d.com.ar\/stl\/wp-json\/wp\/v2\/product_tag?post=2650"}],"curies":[{"name":"wp","href":"https:\/\/api.w.org\/{rel}","templated":true}]}}