{"id":1980,"date":"2023-01-28T11:39:15","date_gmt":"2023-01-28T14:39:15","guid":{"rendered":"https:\/\/tienda3d.com.ar\/stl\/?post_type=product&#038;p=1980"},"modified":"2025-01-18T18:12:26","modified_gmt":"2025-01-18T21:12:26","slug":"stl-molde-calavera-mexicana","status":"publish","type":"product","link":"https:\/\/tienda3d.com.ar\/stl\/producto\/stl-molde-calavera-mexicana\/","title":{"rendered":"STL Molde Calavera Mexicana"},"content":{"rendered":"<p>Las calaveras mexicanas son un s\u00edmbolo de las tradiciones culturales que se celebran en M\u00e9xico el D\u00eda de los Muertos. Aunque para algunas personas pueden parecer maquiav\u00e9licas, para los mexicanos representan la felicidad de la vida en el m\u00e1s all\u00e1.<\/p>\n","protected":false},"excerpt":{"rendered":"<p>Las calaveras mexicanas son un s\u00edmbolo de las tradiciones culturales que se celebran en M\u00e9xico el D\u00eda de los Muertos&#8230;.<\/p>\n","protected":false},"featured_media":1981,"template":"","meta":[],"product_brand":[],"product_cat":[77,21,73,35],"product_tag":[],"class_list":{"0":"post-1980","1":"product","2":"type-product","3":"status-publish","4":"has-post-thumbnail","6":"product_cat-archivos-stl","7":"product_cat-dias-especiales","8":"product_cat-moldes-macetas","9":"product_cat-varios","11":"first","12":"instock","13":"virtual","14":"purchasable","15":"product-type-simple"},"_links":{"self":[{"href":"https:\/\/tienda3d.com.ar\/stl\/wp-json\/wp\/v2\/product\/1980","targetHints":{"allow":["GET"]}}],"collection":[{"href":"https:\/\/tienda3d.com.ar\/stl\/wp-json\/wp\/v2\/product"}],"about":[{"href":"https:\/\/tienda3d.com.ar\/stl\/wp-json\/wp\/v2\/types\/product"}],"wp:featuredmedia":[{"embeddable":true,"href":"https:\/\/tienda3d.com.ar\/stl\/wp-json\/wp\/v2\/media\/1981"}],"wp:attachment":[{"href":"https:\/\/tienda3d.com.ar\/stl\/wp-json\/wp\/v2\/media?parent=1980"}],"wp:term":[{"taxonomy":"product_brand","embeddable":true,"href":"https:\/\/tienda3d.com.ar\/stl\/wp-json\/wp\/v2\/product_brand?post=1980"},{"taxonomy":"product_cat","embeddable":true,"href":"https:\/\/tienda3d.com.ar\/stl\/wp-json\/wp\/v2\/product_cat?post=1980"},{"taxonomy":"product_tag","embeddable":true,"href":"https:\/\/tienda3d.com.ar\/stl\/wp-json\/wp\/v2\/product_tag?post=1980"}],"curies":[{"name":"wp","href":"https:\/\/api.w.org\/{rel}","templated":true}]}}